{"id":4274,"date":"2025-12-15T22:07:56","date_gmt":"2025-12-15T21:07:56","guid":{"rendered":"https:\/\/soleylingo.sk\/?page_id=4274"},"modified":"2025-12-16T10:12:16","modified_gmt":"2025-12-16T09:12:16","slug":"soley-cestovatelske-kina","status":"publish","type":"page","link":"https:\/\/soleylingo.sk\/hu\/soley-cestovatelske-kina\/","title":{"rendered":"Egyed\u00fcl utaz\u00f3 mozik"},"content":{"rendered":"<div data-elementor-type=\"wp-page\" data-elementor-id=\"4274\" class=\"elementor elementor-4274\">\n\t\t\t\t<div class=\"elementor-element elementor-element-703982d e-flex e-con-boxed e-con e-parent\" data-id=\"703982d\" data-element_type=\"container\" data-settings=\"{&quot;background_background&quot;:&quot;classic&quot;,&quot;content_width&quot;:&quot;boxed&quot;}\" data-core-v316-plus=\"true\">\n\t\t\t\t\t<div class=\"e-con-inner\">\n\t\t<div class=\"elementor-element elementor-element-622cd47 e-con-full e-flex e-con e-child\" data-id=\"622cd47\" data-element_type=\"container\" data-settings=\"{&quot;content_width&quot;:&quot;full&quot;}\">\n\t\t\t\t<div class=\"elementor-element elementor-element-9e443d1 elementor-invisible elementor-widget elementor-widget-heading\" data-id=\"9e443d1\" data-element_type=\"widget\" data-settings=\"{&quot;_animation&quot;:&quot;slideInDown&quot;}\" data-widget_type=\"heading.default\">\n\t\t\t\t<div class=\"elementor-widget-container\">\n\t\t\t<style>\/*! elementor - v3.19.0 - 28-02-2024 *\/\n.elementor-heading-title{padding:0;margin:0;line-height:1}.elementor-widget-heading .elementor-heading-title[class*=elementor-size-]>a{color:inherit;font-size:inherit;line-height:inherit}.elementor-widget-heading .elementor-heading-title.elementor-size-small{font-size:15px}.elementor-widget-heading .elementor-heading-title.elementor-size-medium{font-size:19px}.elementor-widget-heading .elementor-heading-title.elementor-size-large{font-size:29px}.elementor-widget-heading .elementor-heading-title.elementor-size-xl{font-size:39px}.elementor-widget-heading .elementor-heading-title.elementor-size-xxl{font-size:59px}<\/style><h1 class=\"elementor-heading-title elementor-size-default\">Egyed\u00fcl utaz\u00f3 mozik<\/h1>\t\t<\/div>\n\t\t\t\t<\/div>\n\t\t\t\t<\/div>\n\t\t\t\t\t<\/div>\n\t\t\t\t<\/div>\n\t\t<div class=\"elementor-element elementor-element-074d752 e-flex e-con-boxed e-con e-parent\" data-id=\"074d752\" data-element_type=\"container\" data-settings=\"{&quot;content_width&quot;:&quot;boxed&quot;}\" data-core-v316-plus=\"true\">\n\t\t\t\t\t<div class=\"e-con-inner\">\n\t\t<div class=\"elementor-element elementor-element-5606f8c e-con-full e-flex e-con e-child\" data-id=\"5606f8c\" data-element_type=\"container\" data-settings=\"{&quot;content_width&quot;:&quot;full&quot;}\">\n\t\t\t\t<div class=\"elementor-element elementor-element-92d32e9 elementor-widget elementor-widget-image\" data-id=\"92d32e9\" data-element_type=\"widget\" data-widget_type=\"image.default\">\n\t\t\t\t<div class=\"elementor-widget-container\">\n\t\t\t<style>\/*! elementor - v3.19.0 - 28-02-2024 *\/\n.elementor-widget-image{text-align:center}.elementor-widget-image a{display:inline-block}.elementor-widget-image a img[src$=\".svg\"]{width:48px}.elementor-widget-image img{vertical-align:middle;display:inline-block}<\/style>\t\t\t\t\t\t\t\t\t\t<img fetchpriority=\"high\" decoding=\"async\" width=\"1024\" height=\"1015\" src=\"https:\/\/soleylingo.sk\/wp-content\/uploads\/2024\/03\/Cestovatelske-kina-1024x1015.jpg\" class=\"attachment-large size-large wp-image-2008\" alt=\"\" srcset=\"https:\/\/soleylingo.sk\/wp-content\/uploads\/2024\/03\/Cestovatelske-kina-1024x1015.jpg 1024w, https:\/\/soleylingo.sk\/wp-content\/uploads\/2024\/03\/Cestovatelske-kina-300x297.jpg 300w, https:\/\/soleylingo.sk\/wp-content\/uploads\/2024\/03\/Cestovatelske-kina-150x150.jpg 150w, https:\/\/soleylingo.sk\/wp-content\/uploads\/2024\/03\/Cestovatelske-kina-768x761.jpg 768w, https:\/\/soleylingo.sk\/wp-content\/uploads\/2024\/03\/Cestovatelske-kina-1536x1523.jpg 1536w, https:\/\/soleylingo.sk\/wp-content\/uploads\/2024\/03\/Cestovatelske-kina-2048x2031.jpg 2048w, https:\/\/soleylingo.sk\/wp-content\/uploads\/2024\/03\/Cestovatelske-kina-12x12.jpg 12w, https:\/\/soleylingo.sk\/wp-content\/uploads\/2024\/03\/Cestovatelske-kina-600x595.jpg 600w, https:\/\/soleylingo.sk\/wp-content\/uploads\/2024\/03\/Cestovatelske-kina-100x100.jpg 100w\" sizes=\"(max-width: 1024px) 100vw, 1024px\" \/>\t\t\t\t\t\t\t\t\t\t\t\t\t<\/div>\n\t\t\t\t<\/div>\n\t\t\t\t<\/div>\n\t\t<div class=\"elementor-element elementor-element-e8068b7 e-con-full e-flex e-con e-child\" data-id=\"e8068b7\" data-element_type=\"container\" data-settings=\"{&quot;content_width&quot;:&quot;full&quot;}\">\n\t\t\t\t<div class=\"elementor-element elementor-element-7bf6360 elementor-widget elementor-widget-heading\" data-id=\"7bf6360\" data-element_type=\"widget\" data-widget_type=\"heading.default\">\n\t\t\t\t<div class=\"elementor-widget-container\">\n\t\t\t<h3 class=\"elementor-heading-title elementor-size-default\">A S\u00f3ley Ling\u00f3n\u00e1l minden h\u00f3napban kalandos utaz\u00e1sra indulunk a vil\u00e1g k\u00f6r\u00fcl - \u00e9s te is vel\u00fcnk tarthatsz! Utaz\u00e1si mozijaink a nagyk\u00f6z\u00f6ns\u00e9g sz\u00e1m\u00e1ra is nyitottak, \u00e9s egy el\u0151ad\u00e1st, egy vet\u00edt\u00e9st \u00e9s egy szem\u00e9lyes t\u00f6rt\u00e9netet \u00f6tv\u00f6znek.<\/h3>\t\t<\/div>\n\t\t\t\t<\/div>\n\t\t\t\t<div class=\"elementor-element elementor-element-c74fc98 elementor-widget elementor-widget-text-editor\" data-id=\"c74fc98\" data-element_type=\"widget\" data-widget_type=\"text-editor.default\">\n\t\t\t\t<div class=\"elementor-widget-container\">\n\t\t\t<style>\/*! elementor - v3.19.0 - 28-02-2024 *\/\n.elementor-widget-text-editor.elementor-drop-cap-view-stacked .elementor-drop-cap{background-color:#69727d;color:#fff}.elementor-widget-text-editor.elementor-drop-cap-view-framed .elementor-drop-cap{color:#69727d;border:3px solid;background-color:transparent}.elementor-widget-text-editor:not(.elementor-drop-cap-view-default) .elementor-drop-cap{margin-top:8px}.elementor-widget-text-editor:not(.elementor-drop-cap-view-default) .elementor-drop-cap-letter{width:1em;height:1em}.elementor-widget-text-editor .elementor-drop-cap{float:left;text-align:center;line-height:1;font-size:50px}.elementor-widget-text-editor .elementor-drop-cap-letter{display:inline-block}<\/style>\t\t\t\t<p><span style=\"font-weight: 400;\">A felsz\u00f3lal\u00f3k nem csak <\/span><b>l\u00e9legzetel\u00e1ll\u00edt\u00f3 fot\u00f3k \u00e9s vide\u00f3k<\/b><span style=\"font-weight: 400;\">hanem <\/span><b>az \u00d6n szem\u00e9lyes tapasztalatai, \u00e9lm\u00e9nyei \u00e9s megl\u00e1t\u00e1sai<\/b><span style=\"font-weight: 400;\">amelyeket nem tal\u00e1lsz meg a szok\u00e1sos \u00fatik\u00f6nyvekben. Nemcsak az orsz\u00e1gokr\u00f3l \u00e9s helyekr\u0151l sz\u00f3l\u00f3 t\u00e9nyekr\u0151l sz\u00f3l, hanem k\u00fcl\u00f6n\u00f6sen, <\/span><b>hogy \u0151k maguk hogyan \u00e9lt\u00e9k t\u00fal \u0151ket<\/b><span style=\"font-weight: 400;\"> - A vadvil\u00e1gi kalandokt\u00f3l kezdve a helyi emberekkel val\u00f3 tal\u00e1lkoz\u00e1son \u00e1t a v\u00e1ratlan utaz\u00e1si kih\u00edv\u00e1sokig.<\/span><\/p>\t\t\t\t\t\t<\/div>\n\t\t\t\t<\/div>\n\t\t\t\t<\/div>\n\t\t\t\t\t<\/div>\n\t\t\t\t<\/div>\n\t\t<div class=\"elementor-element elementor-element-e0fe996 e-flex e-con-boxed e-con e-parent\" data-id=\"e0fe996\" data-element_type=\"container\" data-settings=\"{&quot;content_width&quot;:&quot;boxed&quot;}\" data-core-v316-plus=\"true\">\n\t\t\t\t\t<div class=\"e-con-inner\">\n\t\t\t\t<div class=\"elementor-element elementor-element-65e14de elementor-widget elementor-widget-text-editor\" data-id=\"65e14de\" data-element_type=\"widget\" data-widget_type=\"text-editor.default\">\n\t\t\t\t<div class=\"elementor-widget-container\">\n\t\t\t\t\t\t\t<p><span style=\"font-weight: 400;\">A S\u00f3ley Ling\u00f3ban m\u00e1r <strong>21<\/strong><\/span><b>\u00a0utaz\u00e1si mozik<\/b><span style=\"font-weight: 400;\"> - \u00e9s mindegyik\u00fck hozott valami \u00fajat, inspir\u00e1l\u00f3t \u00e9s \u00e9rdekeset. Egy\u00fctt m\u00e1r j\u00e1rtunk Ausztr\u00e1li\u00e1ban, Bol\u00edvi\u00e1ban, Eti\u00f3pi\u00e1ban, \u00e1tkelt\u00fcnk a Transzszib\u00e9riai aut\u00f3p\u00e1ly\u00e1n, felfedezt\u00fck Izlandot, Bhut\u00e1nt, Azerbajdzs\u00e1nt vagy Norv\u00e9gi\u00e1t.<\/span><\/p><p><span style=\"font-weight: 400;\">Minden utaz\u00e1si mozi <\/span><b>inspir\u00e1ci\u00f3, felfedez\u00e9s \u00e9s tal\u00e1lkoz\u00e1s<\/b><span style=\"font-weight: 400;\"> olyan emberekkel, akik szeretik a vil\u00e1got, \u00e9s sz\u00edvesen megosztj\u00e1k azt.<\/span><\/p><h4><a href=\"https:\/\/soleylingo.sk\/hu\/kontakt\/\"><span style=\"font-weight: 400;\">Mi is adunk neked helyet!\u00a0<\/span><\/a><\/h4><p><span style=\"font-weight: 400;\">Ha megl\u00e1togatott egy \u00e9rdekes orsz\u00e1got vagy helyet, vannak fot\u00f3i, vide\u00f3i, \u00e9s ami a legfontosabb, van kedve megosztani \u00e9lm\u00e9nyeit m\u00e1sokkal, <\/span><a href=\"https:\/\/soleylingo.sk\/hu\/kontakt\/\"><b>jelentkezzen el\u0151ad\u00f3k\u00e9nt<\/b><\/a><span style=\"font-weight: 400;\">. Nem kell profi utaz\u00f3nak lennie - a lelkesed\u00e9se \u00e9s a t\u00f6rt\u00e9nete sz\u00e1m\u00edt.<\/span><\/p><p><span style=\"font-weight: 400;\">Mi sz\u00edvesen seg\u00edt\u00fcnk \u00d6nnek a felk\u00e9sz\u00fcl\u00e9sben \u00e9s a technik\u00e1ban, \u00d6n hozza a tapasztalat\u00e1t \u00e9s az energi\u00e1j\u00e1t. Ha k\u00eds\u00e9rt\u00e9sbe est\u00e9l, \u00edrj nek\u00fcnk egy sort, \u00e9s sz\u00edvesen seg\u00edt\u00fcnk neked, hogy nyilv\u00e1nosan is elmondhasd a t\u00f6rt\u00e9netedet.<\/span><\/p><p><span style=\"font-weight: 400;\"> Szeretettel v\u00e1rjuk!<\/span><\/p>\t\t\t\t\t\t<\/div>\n\t\t\t\t<\/div>\n\t\t\t\t\t<\/div>\n\t\t\t\t<\/div>\n\t\t<div class=\"elementor-element elementor-element-af5718e e-flex e-con-boxed e-con e-parent\" data-id=\"af5718e\" data-element_type=\"container\" data-settings=\"{&quot;background_background&quot;:&quot;gradient&quot;,&quot;shape_divider_top&quot;:&quot;clouds&quot;,&quot;shape_divider_bottom&quot;:&quot;clouds&quot;,&quot;content_width&quot;:&quot;boxed&quot;}\" data-core-v316-plus=\"true\">\n\t\t\t\t\t<div class=\"e-con-inner\">\n\t\t\t\t<div class=\"elementor-shape elementor-shape-top\" data-negative=\"false\">\n\t\t\t<svg xmlns=\"http:\/\/www.w3.org\/2000\/svg\" viewbox=\"0 0 283.5 27.8\" preserveaspectratio=\"xMidYMax slice\">\n  <path class=\"elementor-shape-fill\" d=\"M0 0v6.7c1.9-.8 4.7-1.4 8.5-1 9.5 1.1 11.1 6 11.1 6s2.1-.7 4.3-.2c2.1.5 2.8 2.6 2.8 2.6s.2-.5 1.4-.7c1.2-.2 1.7.2 1.7.2s0-2.1 1.9-2.8c1.9-.7 3.6.7 3.6.7s.7-2.9 3.1-4.1 4.7 0 4.7 0 1.2-.5 2.4 0 1.7 1.4 1.7 1.4h1.4c.7 0 1.2.7 1.2.7s.8-1.8 4-2.2c3.5-.4 5.3 2.4 6.2 4.4.4-.4 1-.7 1.8-.9 2.8-.7 4 .7 4 .7s1.7-5 11.1-6c9.5-1.1 12.3 3.9 12.3 3.9s1.2-4.8 5.7-5.7c4.5-.9 6.8 1.8 6.8 1.8s.6-.6 1.5-.9c.9-.2 1.9-.2 1.9-.2s5.2-6.4 12.6-3.3c7.3 3.1 4.7 9 4.7 9s1.9-.9 4 0 2.8 2.4 2.8 2.4 1.9-1.2 4.5-1.2 4.3 1.2 4.3 1.2.2-1 1.4-1.7 2.1-.7 2.1-.7-.5-3.1 2.1-5.5 5.7-1.4 5.7-1.4 1.5-2.3 4.2-1.1c2.7 1.2 1.7 5.2 1.7 5.2s.3-.1 1.3.5c.5.4.8.8.9 1.1.5-1.4 2.4-5.8 8.4-4 7.1 2.1 3.5 8.9 3.5 8.9s.8-.4 2 0 1.1 1.1 1.1 1.1 1.1-1.1 2.3-1.1 2.1.5 2.1.5 1.9-3.6 6.2-1.2 1.9 6.4 1.9 6.4 2.6-2.4 7.4 0c3.4 1.7 3.9 4.9 3.9 4.9s3.3-6.9 10.4-7.9 11.5 2.6 11.5 2.6.8 0 1.2.2c.4.2.9.9.9.9s4.4-3.1 8.3.2c1.9 1.7 1.5 5 1.5 5s.3-1.1 1.6-1.4c1.3-.3 2.3.2 2.3.2s-.1-1.2.5-1.9 1.9-.9 1.9-.9-4.7-9.3 4.4-13.4c5.6-2.5 9.2.9 9.2.9s5-6.2 15.9-6.2 16.1 8.1 16.1 8.1.7-.2 1.6-.4V0H0z\"\/>\n<\/svg>\n\t\t<\/div>\n\t\t\t\t<div class=\"elementor-shape elementor-shape-bottom\" data-negative=\"false\">\n\t\t\t<svg xmlns=\"http:\/\/www.w3.org\/2000\/svg\" viewbox=\"0 0 283.5 27.8\" preserveaspectratio=\"xMidYMax slice\">\n  <path class=\"elementor-shape-fill\" d=\"M0 0v6.7c1.9-.8 4.7-1.4 8.5-1 9.5 1.1 11.1 6 11.1 6s2.1-.7 4.3-.2c2.1.5 2.8 2.6 2.8 2.6s.2-.5 1.4-.7c1.2-.2 1.7.2 1.7.2s0-2.1 1.9-2.8c1.9-.7 3.6.7 3.6.7s.7-2.9 3.1-4.1 4.7 0 4.7 0 1.2-.5 2.4 0 1.7 1.4 1.7 1.4h1.4c.7 0 1.2.7 1.2.7s.8-1.8 4-2.2c3.5-.4 5.3 2.4 6.2 4.4.4-.4 1-.7 1.8-.9 2.8-.7 4 .7 4 .7s1.7-5 11.1-6c9.5-1.1 12.3 3.9 12.3 3.9s1.2-4.8 5.7-5.7c4.5-.9 6.8 1.8 6.8 1.8s.6-.6 1.5-.9c.9-.2 1.9-.2 1.9-.2s5.2-6.4 12.6-3.3c7.3 3.1 4.7 9 4.7 9s1.9-.9 4 0 2.8 2.4 2.8 2.4 1.9-1.2 4.5-1.2 4.3 1.2 4.3 1.2.2-1 1.4-1.7 2.1-.7 2.1-.7-.5-3.1 2.1-5.5 5.7-1.4 5.7-1.4 1.5-2.3 4.2-1.1c2.7 1.2 1.7 5.2 1.7 5.2s.3-.1 1.3.5c.5.4.8.8.9 1.1.5-1.4 2.4-5.8 8.4-4 7.1 2.1 3.5 8.9 3.5 8.9s.8-.4 2 0 1.1 1.1 1.1 1.1 1.1-1.1 2.3-1.1 2.1.5 2.1.5 1.9-3.6 6.2-1.2 1.9 6.4 1.9 6.4 2.6-2.4 7.4 0c3.4 1.7 3.9 4.9 3.9 4.9s3.3-6.9 10.4-7.9 11.5 2.6 11.5 2.6.8 0 1.2.2c.4.2.9.9.9.9s4.4-3.1 8.3.2c1.9 1.7 1.5 5 1.5 5s.3-1.1 1.6-1.4c1.3-.3 2.3.2 2.3.2s-.1-1.2.5-1.9 1.9-.9 1.9-.9-4.7-9.3 4.4-13.4c5.6-2.5 9.2.9 9.2.9s5-6.2 15.9-6.2 16.1 8.1 16.1 8.1.7-.2 1.6-.4V0H0z\"\/>\n<\/svg>\n\t\t<\/div>\n\t\t\t\t<div class=\"elementor-element elementor-element-c251bfb elementor-widget elementor-widget-text-editor\" data-id=\"c251bfb\" data-element_type=\"widget\" data-widget_type=\"text-editor.default\">\n\t\t\t\t<div class=\"elementor-widget-container\">\n\t\t\t\t\t\t\t<h2 style=\"text-align: center;\"><span style=\"color: #ffffff;\">K\u00e9rd\u00e9se van?<\/span><\/h2><h3 style=\"text-align: center;\"><span style=\"color: #ffffff;\">Keressen minket telefonon, e-mailon vagy ink\u00e1bb <\/span><br \/><span style=\"color: #ffffff;\">- l\u00e1togasson el hozz\u00e1nk.<\/span><\/h3><h3 style=\"text-align: center;\"><span style=\"color: #ffffff;\">Szeretettel v\u00e1rjuk!<\/span><\/h3>\t\t\t\t\t\t<\/div>\n\t\t\t\t<\/div>\n\t\t\t\t<div class=\"elementor-element elementor-element-1cc7a3b elementor-align-center elementor-widget elementor-widget-button\" data-id=\"1cc7a3b\" data-element_type=\"widget\" data-widget_type=\"button.default\">\n\t\t\t\t<div class=\"elementor-widget-container\">\n\t\t\t\t\t<div class=\"elementor-button-wrapper\">\n\t\t\t<a class=\"elementor-button elementor-button-link elementor-size-sm\" href=\"https:\/\/soleylingo.sk\/hu\/kontakt\/\">\n\t\t\t\t\t\t<span class=\"elementor-button-content-wrapper\">\n\t\t\t\t\t\t<span class=\"elementor-button-icon elementor-align-icon-left\">\n\t\t\t\t<svg aria-hidden=\"true\" class=\"e-font-icon-svg e-fas-info-circle\" viewbox=\"0 0 512 512\" xmlns=\"http:\/\/www.w3.org\/2000\/svg\"><path d=\"M256 8C119.043 8 8 119.083 8 256c0 136.997 111.043 248 248 248s248-111.003 248-248C504 119.083 392.957 8 256 8zm0 110c23.196 0 42 18.804 42 42s-18.804 42-42 42-42-18.804-42-42 18.804-42 42-42zm56 254c0 6.627-5.373 12-12 12h-88c-6.627 0-12-5.373-12-12v-24c0-6.627 5.373-12 12-12h12v-64h-12c-6.627 0-12-5.373-12-12v-24c0-6.627 5.373-12 12-12h64c6.627 0 12 5.373 12 12v100h12c6.627 0 12 5.373 12 12v24z\"><\/path><\/svg>\t\t\t<\/span>\n\t\t\t\t\t\t<span class=\"elementor-button-text\">KAPCSOLAT<\/span>\n\t\t<\/span>\n\t\t\t\t\t<\/a>\n\t\t<\/div>\n\t\t\t\t<\/div>\n\t\t\t\t<\/div>\n\t\t\t\t\t<\/div>\n\t\t\t\t<\/div>\n\t\t<div class=\"elementor-element elementor-element-fe56fbd e-flex e-con-boxed e-con e-parent\" data-id=\"fe56fbd\" data-element_type=\"container\" data-settings=\"{&quot;content_width&quot;:&quot;boxed&quot;}\" data-core-v316-plus=\"true\">\n\t\t\t\t\t<div class=\"e-con-inner\">\n\t\t\t\t\t<\/div>\n\t\t\t\t<\/div>\n\t\t<div class=\"elementor-element elementor-element-8afd66e e-flex e-con-boxed e-con e-parent\" data-id=\"8afd66e\" data-element_type=\"container\" data-settings=\"{&quot;content_width&quot;:&quot;boxed&quot;}\" data-core-v316-plus=\"true\">\n\t\t\t\t\t<div class=\"e-con-inner\">\n\t\t\t\t\t<\/div>\n\t\t\t\t<\/div>\n\t\t<div class=\"elementor-element elementor-element-400757c e-flex e-con-boxed e-con e-parent\" data-id=\"400757c\" data-element_type=\"container\" data-settings=\"{&quot;content_width&quot;:&quot;boxed&quot;}\" data-core-v316-plus=\"true\">\n\t\t\t\t\t<div class=\"e-con-inner\">\n\t\t\t\t\t<\/div>\n\t\t\t\t<\/div>\n\t\t\t\t<\/div>","protected":false},"excerpt":{"rendered":"<p>S\u00f3ley-cestovate\u013esk\u00e9 kin\u00e1 Ka\u017ed\u00fd mesiac sa v S\u00f3ley Lingo vyd\u00e1vame na dobrodru\u017en\u00fa cestu okolo sveta \u2013 a vy m\u00f4\u017eete \u00eds\u0165 s nami! Na\u0161e cestovate\u013esk\u00e9 kin\u00e1 s\u00fa ur\u010den\u00e9 \u0161irokej verejnosti a sp\u00e1jaj\u00fa predn\u00e1\u0161ku, premietanie a osobn\u00fd pr\u00edbeh. Predn\u00e1\u0161aj\u00faci prin\u00e1\u0161aj\u00fa nielen \u00fachvatn\u00e9 fotografie a vide\u00e1, ale aj svoje osobn\u00e9 sk\u00fasenosti, z\u00e1\u017eitky a postrehy, ktor\u00e9 v be\u017en\u00fdch sprievodcoch nen\u00e1jdete. [&hellip;]<\/p>","protected":false},"author":1,"featured_media":0,"parent":0,"menu_order":0,"comment_status":"closed","ping_status":"closed","template":"","meta":{"_seopress_robots_primary_cat":"","_seopress_titles_title":"","_seopress_titles_desc":"","_seopress_robots_index":"","site-sidebar-layout":"no-sidebar","site-content-layout":"page-builder","ast-site-content-layout":"","site-content-style":"default","site-sidebar-style":"default","ast-global-header-display":"","ast-banner-title-visibility":"","ast-main-header-display":"","ast-hfb-above-header-display":"","ast-hfb-below-header-display":"","ast-hfb-mobile-header-display":"","site-post-title":"disabled","ast-breadcrumbs-content":"","ast-featured-img":"disabled","footer-sml-layout":"","theme-transparent-header-meta":"enabled","adv-header-id-meta":"","stick-header-meta":"","header-above-stick-meta":"","header-main-stick-meta":"","header-below-stick-meta":"","astra-migrate-meta-layouts":"default","ast-page-background-enabled":"default","ast-page-background-meta":{"desktop":{"background-color":"","background-image":"","background-repeat":"repeat","background-position":"center center","background-size":"auto","background-attachment":"scroll","background-type":"","background-media":"","overlay-type":"","overlay-color":"","overlay-gradient":""},"tablet":{"background-color":"","background-image":"","background-repeat":"repeat","background-position":"center center","background-size":"auto","background-attachment":"scroll","background-type":"","background-media":"","overlay-type":"","overlay-color":"","overlay-gradient":""},"mobile":{"background-color":"","background-image":"","background-repeat":"repeat","background-position":"center center","background-size":"auto","background-attachment":"scroll","background-type":"","background-media":"","overlay-type":"","overlay-color":"","overlay-gradient":""}},"ast-content-background-meta":{"desktop":{"background-color":"var(--ast-global-color-5)","background-image":"","background-repeat":"repeat","background-position":"center center","background-size":"auto","background-attachment":"scroll","background-type":"","background-media":"","overlay-type":"","overlay-color":"","overlay-gradient":""},"tablet":{"background-color":"var(--ast-global-color-5)","background-image":"","background-repeat":"repeat","background-position":"center center","background-size":"auto","background-attachment":"scroll","background-type":"","background-media":"","overlay-type":"","overlay-color":"","overlay-gradient":""},"mobile":{"background-color":"var(--ast-global-color-5)","background-image":"","background-repeat":"repeat","background-position":"center center","background-size":"auto","background-attachment":"scroll","background-type":"","background-media":"","overlay-type":"","overlay-color":"","overlay-gradient":""}},"pgc_sgb_lightbox_settings":"","footnotes":""},"class_list":["post-4274","page","type-page","status-publish","hentry"],"_links":{"self":[{"href":"https:\/\/soleylingo.sk\/hu\/wp-json\/wp\/v2\/pages\/4274","targetHints":{"allow":["GET"]}}],"collection":[{"href":"https:\/\/soleylingo.sk\/hu\/wp-json\/wp\/v2\/pages"}],"about":[{"href":"https:\/\/soleylingo.sk\/hu\/wp-json\/wp\/v2\/types\/page"}],"author":[{"embeddable":true,"href":"https:\/\/soleylingo.sk\/hu\/wp-json\/wp\/v2\/users\/1"}],"replies":[{"embeddable":true,"href":"https:\/\/soleylingo.sk\/hu\/wp-json\/wp\/v2\/comments?post=4274"}],"version-history":[{"count":7,"href":"https:\/\/soleylingo.sk\/hu\/wp-json\/wp\/v2\/pages\/4274\/revisions"}],"predecessor-version":[{"id":4309,"href":"https:\/\/soleylingo.sk\/hu\/wp-json\/wp\/v2\/pages\/4274\/revisions\/4309"}],"wp:attachment":[{"href":"https:\/\/soleylingo.sk\/hu\/wp-json\/wp\/v2\/media?parent=4274"}],"curies":[{"name":"wp","href":"https:\/\/api.w.org\/{rel}","templated":true}]}}