{"id":4265,"date":"2025-12-15T21:39:45","date_gmt":"2025-12-15T20:39:45","guid":{"rendered":"https:\/\/soleylingo.sk\/?page_id=4265"},"modified":"2025-12-16T15:35:49","modified_gmt":"2025-12-16T14:35:49","slug":"vedomostne-kvizy","status":"publish","type":"page","link":"https:\/\/soleylingo.sk\/hu\/vedomostne-kvizy\/","title":{"rendered":"Sz\u00f3rakoztat\u00f3 tud\u00e1s kv\u00edzek"},"content":{"rendered":"<div data-elementor-type=\"wp-page\" data-elementor-id=\"4265\" class=\"elementor elementor-4265\">\n\t\t\t\t<div class=\"elementor-element elementor-element-703982d e-flex e-con-boxed e-con e-parent\" data-id=\"703982d\" data-element_type=\"container\" data-settings=\"{&quot;background_background&quot;:&quot;classic&quot;,&quot;content_width&quot;:&quot;boxed&quot;}\" data-core-v316-plus=\"true\">\n\t\t\t\t\t<div class=\"e-con-inner\">\n\t\t<div class=\"elementor-element elementor-element-622cd47 e-con-full e-flex e-con e-child\" data-id=\"622cd47\" data-element_type=\"container\" data-settings=\"{&quot;content_width&quot;:&quot;full&quot;}\">\n\t\t\t\t<div class=\"elementor-element elementor-element-9e443d1 elementor-invisible elementor-widget elementor-widget-heading\" data-id=\"9e443d1\" data-element_type=\"widget\" data-settings=\"{&quot;_animation&quot;:&quot;slideInDown&quot;}\" data-widget_type=\"heading.default\">\n\t\t\t\t<div class=\"elementor-widget-container\">\n\t\t\t<style>\/*! elementor - v3.19.0 - 28-02-2024 *\/\n.elementor-heading-title{padding:0;margin:0;line-height:1}.elementor-widget-heading .elementor-heading-title[class*=elementor-size-]>a{color:inherit;font-size:inherit;line-height:inherit}.elementor-widget-heading .elementor-heading-title.elementor-size-small{font-size:15px}.elementor-widget-heading .elementor-heading-title.elementor-size-medium{font-size:19px}.elementor-widget-heading .elementor-heading-title.elementor-size-large{font-size:29px}.elementor-widget-heading .elementor-heading-title.elementor-size-xl{font-size:39px}.elementor-widget-heading .elementor-heading-title.elementor-size-xxl{font-size:59px}<\/style><h1 class=\"elementor-heading-title elementor-size-default\">Sz\u00f3rakoztat\u00f3 tud\u00e1s kv\u00edzek<\/h1>\t\t<\/div>\n\t\t\t\t<\/div>\n\t\t\t\t<\/div>\n\t\t\t\t\t<\/div>\n\t\t\t\t<\/div>\n\t\t<div class=\"elementor-element elementor-element-074d752 e-flex e-con-boxed e-con e-parent\" data-id=\"074d752\" data-element_type=\"container\" data-settings=\"{&quot;content_width&quot;:&quot;boxed&quot;}\" data-core-v316-plus=\"true\">\n\t\t\t\t\t<div class=\"e-con-inner\">\n\t\t<div class=\"elementor-element elementor-element-5606f8c e-con-full e-flex e-con e-child\" data-id=\"5606f8c\" data-element_type=\"container\" data-settings=\"{&quot;content_width&quot;:&quot;full&quot;}\">\n\t\t\t\t<div class=\"elementor-element elementor-element-92d32e9 elementor-widget elementor-widget-image\" data-id=\"92d32e9\" data-element_type=\"widget\" data-widget_type=\"image.default\">\n\t\t\t\t<div class=\"elementor-widget-container\">\n\t\t\t<style>\/*! elementor - v3.19.0 - 28-02-2024 *\/\n.elementor-widget-image{text-align:center}.elementor-widget-image a{display:inline-block}.elementor-widget-image a img[src$=\".svg\"]{width:48px}.elementor-widget-image img{vertical-align:middle;display:inline-block}<\/style>\t\t\t\t\t\t\t\t\t\t<img fetchpriority=\"high\" decoding=\"async\" width=\"1024\" height=\"768\" src=\"https:\/\/soleylingo.sk\/wp-content\/uploads\/2025\/12\/IMG_1202-1024x768.jpg\" class=\"attachment-large size-large wp-image-4310\" alt=\"\" srcset=\"https:\/\/soleylingo.sk\/wp-content\/uploads\/2025\/12\/IMG_1202-1024x768.jpg 1024w, https:\/\/soleylingo.sk\/wp-content\/uploads\/2025\/12\/IMG_1202-300x225.jpg 300w, https:\/\/soleylingo.sk\/wp-content\/uploads\/2025\/12\/IMG_1202-768x576.jpg 768w, https:\/\/soleylingo.sk\/wp-content\/uploads\/2025\/12\/IMG_1202-1536x1152.jpg 1536w, https:\/\/soleylingo.sk\/wp-content\/uploads\/2025\/12\/IMG_1202-16x12.jpg 16w, https:\/\/soleylingo.sk\/wp-content\/uploads\/2025\/12\/IMG_1202-600x450.jpg 600w, https:\/\/soleylingo.sk\/wp-content\/uploads\/2025\/12\/IMG_1202.jpg 1600w\" sizes=\"(max-width: 1024px) 100vw, 1024px\" \/>\t\t\t\t\t\t\t\t\t\t\t\t\t<\/div>\n\t\t\t\t<\/div>\n\t\t\t\t<\/div>\n\t\t<div class=\"elementor-element elementor-element-e8068b7 e-con-full e-flex e-con e-child\" data-id=\"e8068b7\" data-element_type=\"container\" data-settings=\"{&quot;content_width&quot;:&quot;full&quot;}\">\n\t\t\t\t<div class=\"elementor-element elementor-element-7bf6360 elementor-widget elementor-widget-heading\" data-id=\"7bf6360\" data-element_type=\"widget\" data-widget_type=\"heading.default\">\n\t\t\t\t<div class=\"elementor-widget-container\">\n\t\t\t<h3 class=\"elementor-heading-title elementor-size-default\">A S\u00f3ley Ling\u00f3n\u00e1l minden h\u00f3napban sz\u00f3rakoztat\u00f3 tud\u00e1svet\u00e9lked\u0151ket szervez\u00fcnk, ahol kipr\u00f3b\u00e1lhatja \u00e1ltal\u00e1nos ismereteit, \u00e9s egy kellemes est\u00e9t t\u00f6lthet el csal\u00e1dja, bar\u00e1tai vagy koll\u00e9g\u00e1i t\u00e1rsas\u00e1g\u00e1ban.\n<\/h3>\t\t<\/div>\n\t\t\t\t<\/div>\n\t\t\t\t<div class=\"elementor-element elementor-element-c74fc98 elementor-widget elementor-widget-text-editor\" data-id=\"c74fc98\" data-element_type=\"widget\" data-widget_type=\"text-editor.default\">\n\t\t\t\t<div class=\"elementor-widget-container\">\n\t\t\t<style>\/*! elementor - v3.19.0 - 28-02-2024 *\/\n.elementor-widget-text-editor.elementor-drop-cap-view-stacked .elementor-drop-cap{background-color:#69727d;color:#fff}.elementor-widget-text-editor.elementor-drop-cap-view-framed .elementor-drop-cap{color:#69727d;border:3px solid;background-color:transparent}.elementor-widget-text-editor:not(.elementor-drop-cap-view-default) .elementor-drop-cap{margin-top:8px}.elementor-widget-text-editor:not(.elementor-drop-cap-view-default) .elementor-drop-cap-letter{width:1em;height:1em}.elementor-widget-text-editor .elementor-drop-cap{float:left;text-align:center;line-height:1;font-size:50px}.elementor-widget-text-editor .elementor-drop-cap-letter{display:inline-block}<\/style>\t\t\t\t<p><span style=\"font-weight: 400;\">A kv\u00edzeket \u00fagy \u00e1ll\u00edtottuk \u00f6ssze, hogy mindenki sz\u00e1m\u00e1ra legyen valami - a teljesen kezd\u0151kt\u0151l az igazi agymen\u0151kig. <\/span><\/p>\t\t\t\t\t\t<\/div>\n\t\t\t\t<\/div>\n\t\t\t\t<\/div>\n\t\t\t\t\t<\/div>\n\t\t\t\t<\/div>\n\t\t<div class=\"elementor-element elementor-element-e0fe996 e-flex e-con-boxed e-con e-parent\" data-id=\"e0fe996\" data-element_type=\"container\" data-settings=\"{&quot;content_width&quot;:&quot;boxed&quot;}\" data-core-v316-plus=\"true\">\n\t\t\t\t\t<div class=\"e-con-inner\">\n\t\t\t\t<div class=\"elementor-element elementor-element-65e14de elementor-widget elementor-widget-text-editor\" data-id=\"65e14de\" data-element_type=\"widget\" data-widget_type=\"text-editor.default\">\n\t\t\t\t<div class=\"elementor-widget-container\">\n\t\t\t\t\t\t\t<p><span style=\"font-weight: 400;\">A k\u00e9rd\u00e9sek a k\u00f6vetkez\u0151kre oszlanak <\/span><b>8 kateg\u00f3ria<\/b><span style=\"font-weight: 400;\">:<\/span><\/p><ul><li><b>k\u00f6nnyebb k\u00e9rd\u00e9sek<\/b><span style=\"font-weight: 400;\"> a k\u00f6vetkez\u0151 form\u00e1ban <\/span><i><span style=\"font-weight: 400;\">Pravda\/Loz<\/span><\/i><span style=\"font-weight: 400;\">,<\/span><\/li><li><b>m\u00e9rs\u00e9kelt k\u00e9rd\u00e9sek<\/b><span style=\"font-weight: 400;\"> opci\u00f3kkal <\/span><i><span style=\"font-weight: 400;\">A, B, C, D<\/span><\/i><span style=\"font-weight: 400;\">,<\/span><\/li><li><span style=\"font-weight: 400;\">ak\u00e1r <\/span><b>kih\u00edv\u00e1st jelent\u0151 nyitott k\u00e9rd\u00e9sek<\/b><span style=\"font-weight: 400;\">amelyek t\u00f6bb gondolkod\u00e1st \u00e9s csapatmunk\u00e1t ig\u00e9nyelnek.<\/span><\/li><\/ul><p><span style=\"font-weight: 400;\">V\u00e9g\u00fcl j\u00f6n <\/span><b>K\u00fcl\u00f6nleges kateg\u00f3ria - Wild Card<\/b><span style=\"font-weight: 400;\">. A j\u00e1t\u00e9k id\u0151h\u00f6z k\u00f6t\u00f6tt \u00e9s kock\u00e1zatos - a hib\u00e1s v\u00e1laszok\u00e9rt pontlevon\u00e1s j\u00e1r!<\/span><\/p><p><span style=\"font-weight: 400;\">A k\u00e9rd\u00e9sek v\u00e1ltozatosak \u00e9s eredetiek, \u00e9s minden h\u00f3napban az alap\u00edt\u00f3 Dominika \u00e1ll\u00edtja \u00f6ssze \u0151ket. Minden kv\u00edz m\u00e1s, tele \u00faj t\u00e9m\u00e1kkal \u00e9s meglepet\u00e9sekkel \"egy kicsit minden tekercsb\u0151l\".<\/span><\/p><p><b>V\u00e1rjuk \u00d6nt egy nyugodt \u00e9s kellemes l\u00e9gk\u00f6rben, ahol j\u00f3l fog sz\u00f3rakozni, nevetni \u00e9s tal\u00e1n m\u00e9g valami \u00fajat is tanulni!<\/b><\/p>\t\t\t\t\t\t<\/div>\n\t\t\t\t<\/div>\n\t\t\t\t\t<\/div>\n\t\t\t\t<\/div>\n\t\t<div class=\"elementor-element elementor-element-af5718e e-flex e-con-boxed e-con e-parent\" data-id=\"af5718e\" data-element_type=\"container\" data-settings=\"{&quot;background_background&quot;:&quot;gradient&quot;,&quot;shape_divider_top&quot;:&quot;clouds&quot;,&quot;shape_divider_bottom&quot;:&quot;clouds&quot;,&quot;content_width&quot;:&quot;boxed&quot;}\" data-core-v316-plus=\"true\">\n\t\t\t\t\t<div class=\"e-con-inner\">\n\t\t\t\t<div class=\"elementor-shape elementor-shape-top\" data-negative=\"false\">\n\t\t\t<svg xmlns=\"http:\/\/www.w3.org\/2000\/svg\" viewbox=\"0 0 283.5 27.8\" preserveaspectratio=\"xMidYMax slice\">\n  <path class=\"elementor-shape-fill\" d=\"M0 0v6.7c1.9-.8 4.7-1.4 8.5-1 9.5 1.1 11.1 6 11.1 6s2.1-.7 4.3-.2c2.1.5 2.8 2.6 2.8 2.6s.2-.5 1.4-.7c1.2-.2 1.7.2 1.7.2s0-2.1 1.9-2.8c1.9-.7 3.6.7 3.6.7s.7-2.9 3.1-4.1 4.7 0 4.7 0 1.2-.5 2.4 0 1.7 1.4 1.7 1.4h1.4c.7 0 1.2.7 1.2.7s.8-1.8 4-2.2c3.5-.4 5.3 2.4 6.2 4.4.4-.4 1-.7 1.8-.9 2.8-.7 4 .7 4 .7s1.7-5 11.1-6c9.5-1.1 12.3 3.9 12.3 3.9s1.2-4.8 5.7-5.7c4.5-.9 6.8 1.8 6.8 1.8s.6-.6 1.5-.9c.9-.2 1.9-.2 1.9-.2s5.2-6.4 12.6-3.3c7.3 3.1 4.7 9 4.7 9s1.9-.9 4 0 2.8 2.4 2.8 2.4 1.9-1.2 4.5-1.2 4.3 1.2 4.3 1.2.2-1 1.4-1.7 2.1-.7 2.1-.7-.5-3.1 2.1-5.5 5.7-1.4 5.7-1.4 1.5-2.3 4.2-1.1c2.7 1.2 1.7 5.2 1.7 5.2s.3-.1 1.3.5c.5.4.8.8.9 1.1.5-1.4 2.4-5.8 8.4-4 7.1 2.1 3.5 8.9 3.5 8.9s.8-.4 2 0 1.1 1.1 1.1 1.1 1.1-1.1 2.3-1.1 2.1.5 2.1.5 1.9-3.6 6.2-1.2 1.9 6.4 1.9 6.4 2.6-2.4 7.4 0c3.4 1.7 3.9 4.9 3.9 4.9s3.3-6.9 10.4-7.9 11.5 2.6 11.5 2.6.8 0 1.2.2c.4.2.9.9.9.9s4.4-3.1 8.3.2c1.9 1.7 1.5 5 1.5 5s.3-1.1 1.6-1.4c1.3-.3 2.3.2 2.3.2s-.1-1.2.5-1.9 1.9-.9 1.9-.9-4.7-9.3 4.4-13.4c5.6-2.5 9.2.9 9.2.9s5-6.2 15.9-6.2 16.1 8.1 16.1 8.1.7-.2 1.6-.4V0H0z\"\/>\n<\/svg>\n\t\t<\/div>\n\t\t\t\t<div class=\"elementor-shape elementor-shape-bottom\" data-negative=\"false\">\n\t\t\t<svg xmlns=\"http:\/\/www.w3.org\/2000\/svg\" viewbox=\"0 0 283.5 27.8\" preserveaspectratio=\"xMidYMax slice\">\n  <path class=\"elementor-shape-fill\" d=\"M0 0v6.7c1.9-.8 4.7-1.4 8.5-1 9.5 1.1 11.1 6 11.1 6s2.1-.7 4.3-.2c2.1.5 2.8 2.6 2.8 2.6s.2-.5 1.4-.7c1.2-.2 1.7.2 1.7.2s0-2.1 1.9-2.8c1.9-.7 3.6.7 3.6.7s.7-2.9 3.1-4.1 4.7 0 4.7 0 1.2-.5 2.4 0 1.7 1.4 1.7 1.4h1.4c.7 0 1.2.7 1.2.7s.8-1.8 4-2.2c3.5-.4 5.3 2.4 6.2 4.4.4-.4 1-.7 1.8-.9 2.8-.7 4 .7 4 .7s1.7-5 11.1-6c9.5-1.1 12.3 3.9 12.3 3.9s1.2-4.8 5.7-5.7c4.5-.9 6.8 1.8 6.8 1.8s.6-.6 1.5-.9c.9-.2 1.9-.2 1.9-.2s5.2-6.4 12.6-3.3c7.3 3.1 4.7 9 4.7 9s1.9-.9 4 0 2.8 2.4 2.8 2.4 1.9-1.2 4.5-1.2 4.3 1.2 4.3 1.2.2-1 1.4-1.7 2.1-.7 2.1-.7-.5-3.1 2.1-5.5 5.7-1.4 5.7-1.4 1.5-2.3 4.2-1.1c2.7 1.2 1.7 5.2 1.7 5.2s.3-.1 1.3.5c.5.4.8.8.9 1.1.5-1.4 2.4-5.8 8.4-4 7.1 2.1 3.5 8.9 3.5 8.9s.8-.4 2 0 1.1 1.1 1.1 1.1 1.1-1.1 2.3-1.1 2.1.5 2.1.5 1.9-3.6 6.2-1.2 1.9 6.4 1.9 6.4 2.6-2.4 7.4 0c3.4 1.7 3.9 4.9 3.9 4.9s3.3-6.9 10.4-7.9 11.5 2.6 11.5 2.6.8 0 1.2.2c.4.2.9.9.9.9s4.4-3.1 8.3.2c1.9 1.7 1.5 5 1.5 5s.3-1.1 1.6-1.4c1.3-.3 2.3.2 2.3.2s-.1-1.2.5-1.9 1.9-.9 1.9-.9-4.7-9.3 4.4-13.4c5.6-2.5 9.2.9 9.2.9s5-6.2 15.9-6.2 16.1 8.1 16.1 8.1.7-.2 1.6-.4V0H0z\"\/>\n<\/svg>\n\t\t<\/div>\n\t\t\t\t<div class=\"elementor-element elementor-element-c251bfb elementor-widget elementor-widget-text-editor\" data-id=\"c251bfb\" data-element_type=\"widget\" data-widget_type=\"text-editor.default\">\n\t\t\t\t<div class=\"elementor-widget-container\">\n\t\t\t\t\t\t\t<h2 style=\"text-align: center;\"><span style=\"color: #ffffff;\">K\u00e9rd\u00e9se van?<\/span><\/h2><h3 style=\"text-align: center;\"><span style=\"color: #ffffff;\">Keressen minket telefonon, e-mailon vagy ink\u00e1bb <\/span><br \/><span style=\"color: #ffffff;\">- l\u00e1togasson el hozz\u00e1nk.<\/span><\/h3><h3 style=\"text-align: center;\"><span style=\"color: #ffffff;\">Szeretettel v\u00e1rjuk!<\/span><\/h3>\t\t\t\t\t\t<\/div>\n\t\t\t\t<\/div>\n\t\t\t\t<div class=\"elementor-element elementor-element-1cc7a3b elementor-align-center elementor-widget elementor-widget-button\" data-id=\"1cc7a3b\" data-element_type=\"widget\" data-widget_type=\"button.default\">\n\t\t\t\t<div class=\"elementor-widget-container\">\n\t\t\t\t\t<div class=\"elementor-button-wrapper\">\n\t\t\t<a class=\"elementor-button elementor-button-link elementor-size-sm\" href=\"https:\/\/soleylingo.sk\/hu\/kontakt\/\">\n\t\t\t\t\t\t<span class=\"elementor-button-content-wrapper\">\n\t\t\t\t\t\t<span class=\"elementor-button-icon elementor-align-icon-left\">\n\t\t\t\t<svg aria-hidden=\"true\" class=\"e-font-icon-svg e-fas-info-circle\" viewbox=\"0 0 512 512\" xmlns=\"http:\/\/www.w3.org\/2000\/svg\"><path d=\"M256 8C119.043 8 8 119.083 8 256c0 136.997 111.043 248 248 248s248-111.003 248-248C504 119.083 392.957 8 256 8zm0 110c23.196 0 42 18.804 42 42s-18.804 42-42 42-42-18.804-42-42 18.804-42 42-42zm56 254c0 6.627-5.373 12-12 12h-88c-6.627 0-12-5.373-12-12v-24c0-6.627 5.373-12 12-12h12v-64h-12c-6.627 0-12-5.373-12-12v-24c0-6.627 5.373-12 12-12h64c6.627 0 12 5.373 12 12v100h12c6.627 0 12 5.373 12 12v24z\"><\/path><\/svg>\t\t\t<\/span>\n\t\t\t\t\t\t<span class=\"elementor-button-text\">KAPCSOLAT<\/span>\n\t\t<\/span>\n\t\t\t\t\t<\/a>\n\t\t<\/div>\n\t\t\t\t<\/div>\n\t\t\t\t<\/div>\n\t\t\t\t\t<\/div>\n\t\t\t\t<\/div>\n\t\t<div class=\"elementor-element elementor-element-fe56fbd e-flex e-con-boxed e-con e-parent\" data-id=\"fe56fbd\" data-element_type=\"container\" data-settings=\"{&quot;content_width&quot;:&quot;boxed&quot;}\" data-core-v316-plus=\"true\">\n\t\t\t\t\t<div class=\"e-con-inner\">\n\t\t\t\t\t<\/div>\n\t\t\t\t<\/div>\n\t\t<div class=\"elementor-element elementor-element-8afd66e e-flex e-con-boxed e-con e-parent\" data-id=\"8afd66e\" data-element_type=\"container\" data-settings=\"{&quot;content_width&quot;:&quot;boxed&quot;}\" data-core-v316-plus=\"true\">\n\t\t\t\t\t<div class=\"e-con-inner\">\n\t\t\t\t\t<\/div>\n\t\t\t\t<\/div>\n\t\t<div class=\"elementor-element elementor-element-400757c e-flex e-con-boxed e-con e-parent\" data-id=\"400757c\" data-element_type=\"container\" data-settings=\"{&quot;content_width&quot;:&quot;boxed&quot;}\" data-core-v316-plus=\"true\">\n\t\t\t\t\t<div class=\"e-con-inner\">\n\t\t\t\t\t<\/div>\n\t\t\t\t<\/div>\n\t\t\t\t<\/div>","protected":false},"excerpt":{"rendered":"<p>Z\u00e1bavn\u00e9 Vedomostn\u00e9 kv\u00edzy V S\u00f3ley Lingo ka\u017ed\u00fd mesiac usporad\u00favame z\u00e1bavn\u00e9 vedomostn\u00e9 kv\u00edzy, pri ktor\u00fdch si m\u00f4\u017eete preveri\u0165 svoje v\u0161eobecn\u00e9 vedomosti a z\u00e1rove\u0148 str\u00e1vi\u0165 pr\u00edjemn\u00fd ve\u010der v spolo\u010dnosti rodiny, priate\u013eov \u010di kolegov. Kv\u00edzy s\u00fa pripraven\u00e9 tak, aby si na svoje pri\u0161iel ka\u017ed\u00fd \u2013 od \u00fapln\u00fdch za\u010diato\u010dn\u00edkov a\u017e po skuto\u010dn\u00fdch mozgov\u00fdch atl\u00e9tov. Ot\u00e1zky s\u00fa rozdelen\u00e9 do 8 [&hellip;]<\/p>","protected":false},"author":1,"featured_media":0,"parent":0,"menu_order":0,"comment_status":"closed","ping_status":"closed","template":"","meta":{"_seopress_robots_primary_cat":"","_seopress_titles_title":"","_seopress_titles_desc":"","_seopress_robots_index":"","site-sidebar-layout":"no-sidebar","site-content-layout":"page-builder","ast-site-content-layout":"","site-content-style":"default","site-sidebar-style":"default","ast-global-header-display":"","ast-banner-title-visibility":"","ast-main-header-display":"","ast-hfb-above-header-display":"","ast-hfb-below-header-display":"","ast-hfb-mobile-header-display":"","site-post-title":"disabled","ast-breadcrumbs-content":"","ast-featured-img":"disabled","footer-sml-layout":"","theme-transparent-header-meta":"enabled","adv-header-id-meta":"","stick-header-meta":"","header-above-stick-meta":"","header-main-stick-meta":"","header-below-stick-meta":"","astra-migrate-meta-layouts":"default","ast-page-background-enabled":"default","ast-page-background-meta":{"desktop":{"background-color":"","background-image":"","background-repeat":"repeat","background-position":"center center","background-size":"auto","background-attachment":"scroll","background-type":"","background-media":"","overlay-type":"","overlay-color":"","overlay-gradient":""},"tablet":{"background-color":"","background-image":"","background-repeat":"repeat","background-position":"center center","background-size":"auto","background-attachment":"scroll","background-type":"","background-media":"","overlay-type":"","overlay-color":"","overlay-gradient":""},"mobile":{"background-color":"","background-image":"","background-repeat":"repeat","background-position":"center center","background-size":"auto","background-attachment":"scroll","background-type":"","background-media":"","overlay-type":"","overlay-color":"","overlay-gradient":""}},"ast-content-background-meta":{"desktop":{"background-color":"var(--ast-global-color-5)","background-image":"","background-repeat":"repeat","background-position":"center center","background-size":"auto","background-attachment":"scroll","background-type":"","background-media":"","overlay-type":"","overlay-color":"","overlay-gradient":""},"tablet":{"background-color":"var(--ast-global-color-5)","background-image":"","background-repeat":"repeat","background-position":"center center","background-size":"auto","background-attachment":"scroll","background-type":"","background-media":"","overlay-type":"","overlay-color":"","overlay-gradient":""},"mobile":{"background-color":"var(--ast-global-color-5)","background-image":"","background-repeat":"repeat","background-position":"center center","background-size":"auto","background-attachment":"scroll","background-type":"","background-media":"","overlay-type":"","overlay-color":"","overlay-gradient":""}},"pgc_sgb_lightbox_settings":"","footnotes":""},"class_list":["post-4265","page","type-page","status-publish","hentry"],"_links":{"self":[{"href":"https:\/\/soleylingo.sk\/hu\/wp-json\/wp\/v2\/pages\/4265","targetHints":{"allow":["GET"]}}],"collection":[{"href":"https:\/\/soleylingo.sk\/hu\/wp-json\/wp\/v2\/pages"}],"about":[{"href":"https:\/\/soleylingo.sk\/hu\/wp-json\/wp\/v2\/types\/page"}],"author":[{"embeddable":true,"href":"https:\/\/soleylingo.sk\/hu\/wp-json\/wp\/v2\/users\/1"}],"replies":[{"embeddable":true,"href":"https:\/\/soleylingo.sk\/hu\/wp-json\/wp\/v2\/comments?post=4265"}],"version-history":[{"count":14,"href":"https:\/\/soleylingo.sk\/hu\/wp-json\/wp\/v2\/pages\/4265\/revisions"}],"predecessor-version":[{"id":4335,"href":"https:\/\/soleylingo.sk\/hu\/wp-json\/wp\/v2\/pages\/4265\/revisions\/4335"}],"wp:attachment":[{"href":"https:\/\/soleylingo.sk\/hu\/wp-json\/wp\/v2\/media?parent=4265"}],"curies":[{"name":"wp","href":"https:\/\/api.w.org\/{rel}","templated":true}]}}