{"id":1782,"date":"2024-02-28T23:57:25","date_gmt":"2024-02-28T22:57:25","guid":{"rendered":"https:\/\/soleylingo.sk\/?page_id=1782"},"modified":"2024-02-29T01:06:41","modified_gmt":"2024-02-29T00:06:41","slug":"obchodne-podmienky","status":"publish","type":"page","link":"https:\/\/soleylingo.sk\/hu\/obchodne-podmienky\/","title":{"rendered":"Felt\u00e9telek \u00e9s felt\u00e9telek"},"content":{"rendered":"<div data-elementor-type=\"wp-page\" data-elementor-id=\"1782\" class=\"elementor elementor-1782\">\n\t\t\t\t<div class=\"elementor-element elementor-element-0c4bb31 e-flex e-con-boxed e-con e-parent\" data-id=\"0c4bb31\" data-element_type=\"container\" data-settings=\"{&quot;content_width&quot;:&quot;boxed&quot;}\" data-core-v316-plus=\"true\">\n\t\t\t\t\t<div class=\"e-con-inner\">\n\t\t\t\t<div class=\"elementor-element elementor-element-c3eb569 elementor-widget elementor-widget-text-editor\" data-id=\"c3eb569\" data-element_type=\"widget\" data-widget_type=\"text-editor.default\">\n\t\t\t\t<div class=\"elementor-widget-container\">\n\t\t\t<style>\/*! elementor - v3.19.0 - 28-02-2024 *\/\n.elementor-widget-text-editor.elementor-drop-cap-view-stacked .elementor-drop-cap{background-color:#69727d;color:#fff}.elementor-widget-text-editor.elementor-drop-cap-view-framed .elementor-drop-cap{color:#69727d;border:3px solid;background-color:transparent}.elementor-widget-text-editor:not(.elementor-drop-cap-view-default) .elementor-drop-cap{margin-top:8px}.elementor-widget-text-editor:not(.elementor-drop-cap-view-default) .elementor-drop-cap-letter{width:1em;height:1em}.elementor-widget-text-editor .elementor-drop-cap{float:left;text-align:center;line-height:1;font-size:50px}.elementor-widget-text-editor .elementor-drop-cap-letter{display:inline-block}<\/style>\t\t\t\t<h2><strong>A RENDEZV\u00c9NYEN VAL\u00d3 R\u00c9SZV\u00c9TEL FELT\u00c9TELEI<\/strong><\/h2><p>(a tov\u00e1bbiakban \"\u00c1ltal\u00e1nos Szerz\u0151d\u00e9si Felt\u00e9telek vagy \u00c1SZF\")<\/p><p>1.1 A Megrendel\u0151 egy rendezv\u00e9nyen val\u00f3 r\u00e9szv\u00e9telre (a tov\u00e1bbiakban: \"Megrendel\u0151\"), amelyet az adott id\u0151pontban szervez\u00fcnk,<\/p><p>(\"Rendezv\u00e9ny\") regisztr\u00e1lhatj\u00e1k r\u00e9szv\u00e9tel\u00fcket \u00e9s v\u00e1s\u00e1rolhatnak helyet\/jegyet a Rendezv\u00e9nyre a Weboldalon leadott megrendel\u00e9ssel:<\/p><p><a href=\"https:\/\/soleylingo.sk\/hu\/rezervacia\/\"><strong>https:\/\/soleylingo.sk\/rezervacia<\/strong><\/a><\/p><p>A megrendel\u00e9s elk\u00fcld\u00e9s\u00e9vel a Vev\u0151 elk\u00f6telezi mag\u00e1t a Rendezv\u00e9nyen val\u00f3 r\u00e9szv\u00e9telre, \u00e9s egy\u00fattal v\u00e1llalja a Rendezv\u00e9ny teljes \u00e1r\u00e1nak megfizet\u00e9s\u00e9t.<\/p><p>1.2 A rendezv\u00e9nyt a v\u00e1llalat szervezi:<\/p><p>S\u00f3ley Lingo, s. r. o.<\/p><p>E\u00f6tv\u00f6sova ul. 3062\/32E<\/p><p>945 01 Kom\u00e1rno<\/p><p>ID 55643272<\/p><p>H\u00c9A 2122051272<\/p><h4><strong>Inform\u00e1ci\u00f3k<\/strong><\/h4><p>2.1 A rendezv\u00e9nyen val\u00f3 r\u00e9szv\u00e9tel a foglal\u00e1s id\u0151pontj\u00e1ban a weboldalon meghat\u00e1rozott d\u00edjhoz k\u00f6t\u00f6tt.<\/p><p>2.2 A regisztr\u00e1ci\u00f3s d\u00edj online fizetend\u0151 a Stripe-on kereszt\u00fcl ( South San Francisco, 354 Oyster Point Blvd, Egyes\u00fclt \u00c1llamok), \u00e9s tartalmazza a bel\u00e9p\u00e9st a rendezv\u00e9nyre.<\/p><p>2.3 A Szervez\u0151 fenntartja a jogot, hogy a megrendel\u00e9st visszautas\u00edtsa, ha a hely betelt, vagy ha technikai probl\u00e9ma mer\u00fcl fel.<\/p><p>2.4 A megrendel\u00e9s teljes\u00edt\u00e9s\u00e9t k\u00f6vet\u0151en az \u00dcgyf\u00e9l visszaigazol\u00e1st kap a regisztr\u00e1ci\u00f3r\u00f3l. A Rendezv\u00e9nyre val\u00f3 nevez\u00e9s nem ruh\u00e1zhat\u00f3 \u00e1t m\u00e1s szem\u00e9lyre. A Megrendel\u0151 v\u00e1llalja, hogy a megrendel\u00e9sben naprak\u00e9sz \u00e9s a val\u00f3s\u00e1gnak megfelel\u0151 adatokat ad meg.<\/p><p>2.5 K\u00e9rj\u00fck, hogy a visszak\u00fcld\u00f6tt e-mailben olvassa el a szervez\u00e9si utas\u00edt\u00e1sokat a helysz\u00ednnel, a d\u00e1tummal, az id\u0151ponttal \u00e9s a rendezv\u00e9nyen val\u00f3 r\u00e9szv\u00e9tellel kapcsolatos tov\u00e1bbi inform\u00e1ci\u00f3kkal kapcsolatban.<\/p><p>2.6 A rendezv\u00e9nyen val\u00f3 r\u00e9szv\u00e9tellel kapcsolatos m\u00f3dos\u00edt\u00e1sokat csak e-mailben lehet megtenni a k\u00f6vetkez\u0151 c\u00edmre. <a href=\"mailto:info@soleylingo.sk\">info@soleylingo.sk<\/a><\/p><p>2.7 A Szervez\u0151 fenntartja a jogot, hogy megv\u00e1ltoztassa az el\u0151ad\u00f3kat, a helysz\u00ednt, az id\u0151pontot vagy t\u00f6r\u00f6lje a Rendezv\u00e9nyt. B\u00e1rmilyen v\u00e1ltoz\u00e1s eset\u00e9n a Szervez\u0151 t\u00e1j\u00e9koztatja a V\u00e1s\u00e1rl\u00f3kat.<\/p><p>2.8 Ha az \u00dcgyf\u00e9l term\u00e9szetes szem\u00e9lyk\u00e9nt regisztr\u00e1l egy Esem\u00e9nyre. szem\u00e9ly, a regisztr\u00e1ci\u00f3 t\u00f6rl\u00e9s\u00e9re \u00e9s a Rendezv\u00e9nyt\u0151l val\u00f3 el\u00e1ll\u00e1sra a regisztr\u00e1ci\u00f3 t\u00f6rl\u00e9s\u00e9nek bejelent\u00e9s\u00e9vel jogosult a megrendel\u00e9st\u0151l sz\u00e1m\u00edtott 14 napon bel\u00fcl.<\/p><h4><strong>Szerz\u0151i jog, panasz, a megrendel\u00e9st\u0151l val\u00f3 el\u00e1ll\u00e1s<\/strong><\/h4><p>3.1 A Rendezv\u00e9ny sor\u00e1n tilos hang-, k\u00e9p- vagy audiovizu\u00e1lis felv\u00e9telek k\u00e9sz\u00edt\u00e9se, kiv\u00e9ve, ha a Szervez\u0151 kifejezett hozz\u00e1j\u00e1rul\u00e1s\u00e1t adta a felv\u00e9tel k\u00e9sz\u00edt\u00e9s\u00e9hez. A Szervez\u0151 \u00e9s az el\u0151ad\u00f3k \u00e1ltal a Megrendel\u0151 rendelkez\u00e9s\u00e9re bocs\u00e1tott anyagok a Megrendel\u0151 egy\u00e9ni haszn\u00e1lat\u00e1ra szolg\u00e1lnak, \u00e9s a Szervez\u0151 szerz\u0151i jogainak hat\u00e1lya al\u00e1 tartoznak.<\/p><p>3.2 A Rendezv\u00e9ny ideje alatt az \u00dcgyf\u00e9l v\u00e1llalja, hogy a Rendezv\u00e9ny id\u0151tartama alatt betartja a jelen \u00c1ltal\u00e1nos Szerz\u0151d\u00e9si Felt\u00e9telekben meghat\u00e1rozott valamennyi felt\u00e9telt, valamint a Szervez\u0151 \u00e1ltal kiadott utas\u00edt\u00e1sokat.<\/p><p>3.3 A Megrendel\u0151 \u00e9s a Szervez\u0151 k\u00f6z\u00f6tti szerz\u0151d\u00e9ses kapcsolat hat\u00e1rozott id\u0151re j\u00f6n l\u00e9tre - a megrendel\u00e9s Szervez\u0151nek t\u00f6rt\u00e9n\u0151 elk\u00fcld\u00e9s\u00e9t\u0151l a k\u00f6lcs\u00f6n\u00f6s k\u00f6telezetts\u00e9gek teljes\u00edt\u00e9s\u00e9ig, kiv\u00e9ve, ha az m\u00e1s okb\u00f3l kor\u00e1bban megsz\u0171nik.<\/p><p>3.4 A fogyaszt\u00f3kkal kapcsolatos inform\u00e1ci\u00f3k\u00e9rt \u00e9s el\u00e1ll\u00e1si nyilatkozat-mint\u00e1\u00e9rt - rendel\u00e9s lemond\u00e1sa, k\u00e9rj\u00fck, l\u00e1togasson el a k\u00f6vetkez\u0151 weboldalra <a href=\"https:\/\/soleylingo.sk\/hu\/reklamacia-odstupenie-od-zmluvy\/\">Panasz\/visszavon\u00e1s.<\/a><\/p><p>3.5 Az \u00dcgyf\u00e9l \u00e9s a Szervez\u0151 k\u00f6z\u00f6tti, a jelen \u00c1ltal\u00e1nos Szerz\u0151d\u00e9si Felt\u00e9telek \u00e1ltal kifejezetten nem szab\u00e1lyozott jogviszonyokra a Szlov\u00e1k K\u00f6zt\u00e1rsas\u00e1g joga, a m\u00f3dos\u00edtott 513\/1991. sz. t\u00f6rv\u00e9ny, Kereskedelmi t\u00f6rv\u00e9nyk\u00f6nyv, ir\u00e1nyad\u00f3, kiv\u00e9ve az al\u00e1bbi eseteket.<\/p><p>3.6 Term\u00e9szetes szem\u00e9llyel k\u00f6t\u00f6tt szerz\u0151d\u00e9s eset\u00e9n. szem\u00e9ly (vagy term\u00e9szetes szem\u00e9ly) 40\/1964 sz. t\u00f6rv\u00e9nyk\u00f6nyv, Polg\u00e1ri T\u00f6rv\u00e9nyk\u00f6nyv, m\u00f3dos\u00edtott sz\u00f6veg), ebben az esetben a 40\/1964 sz. t\u00f6rv\u00e9nyk\u00f6nyv, Polg\u00e1ri T\u00f6rv\u00e9nyk\u00f6nyv, m\u00f3dos\u00edtott sz\u00f6veg\u0171 t\u00f6rv\u00e9nyt kell alkalmazni.<\/p><p>3.7 A szerz\u0151d\u00e9ses kapcsolat megsz\u0171nik:<\/p><ul><li>A k\u00f6telezetts\u00e9gek teljes\u00edt\u00e9se,<\/li><li>Az esem\u00e9ny lemond\u00e1s\u00e1val<\/li><li>A megrendel\u00e9s elutas\u00edt\u00e1sa a szervez\u0151 \u00e1ltal<\/li><li>Az \u00dcgyf\u00e9l lemond\u00e1sa a Rendezv\u00e9nyre t\u00f6rt\u00e9n\u0151 regisztr\u00e1ci\u00f3r\u00f3l<\/li><\/ul>\t\t\t\t\t\t<\/div>\n\t\t\t\t<\/div>\n\t\t\t\t\t<\/div>\n\t\t\t\t<\/div>\n\t\t\t\t<\/div>","protected":false},"excerpt":{"rendered":"<p>AZ ESEM\u00c9NYEN R\u00c9SZV\u00c9TEL FELT\u00c9TELEI (a tov\u00e1bbiakban: \"\u00c1ltal\u00e1nos Szerz\u0151d\u00e9si Felt\u00e9telek vagy \u00c1SZF\") 1.1 A rendezv\u00e9nyen (a tov\u00e1bbiakban: \"Rendezv\u00e9ny\") r\u00e9szt venni k\u00edv\u00e1n\u00f3 \u00dcgyf\u00e9l (a tov\u00e1bbiakban: \"\u00dcgyf\u00e9l\") a https:\/\/soleylingo.sk\/rezervacia weboldalon t\u00f6rt\u00e9n\u0151 megrendel\u00e9ssel regisztr\u00e1lhatja r\u00e9szv\u00e9tel\u00e9t \u00e9s v\u00e1s\u00e1rolhat helyet\/jegyet a rendezv\u00e9nyre: https:\/\/soleylingo.sk\/rezervacia A megrendel\u00e9s lead\u00e1s\u00e1val az \u00dcgyf\u00e9l k\u00f6telezetts\u00e9get v\u00e1llal arra, hogy r\u00e9szt vesz a [...]<\/p>","protected":false},"author":1,"featured_media":0,"parent":0,"menu_order":0,"comment_status":"closed","ping_status":"closed","template":"","meta":{"_seopress_robots_primary_cat":"","_seopress_titles_title":"","_seopress_titles_desc":"","_seopress_robots_index":"","site-sidebar-layout":"no-sidebar","site-content-layout":"page-builder","ast-site-content-layout":"full-width-container","site-content-style":"default","site-sidebar-style":"default","ast-global-header-display":"","ast-banner-title-visibility":"","ast-main-header-display":"","ast-hfb-above-header-display":"","ast-hfb-below-header-display":"","ast-hfb-mobile-header-display":"","site-post-title":"disabled","ast-breadcrumbs-content":"","ast-featured-img":"disabled","footer-sml-layout":"","theme-transparent-header-meta":"","adv-header-id-meta":"","stick-header-meta":"","header-above-stick-meta":"","header-main-stick-meta":"","header-below-stick-meta":"","astra-migrate-meta-layouts":"set","ast-page-background-enabled":"default","ast-page-background-meta":{"desktop":{"background-color":"","background-image":"","background-repeat":"repeat","background-position":"center center","background-size":"auto","background-attachment":"scroll","background-type":"","background-media":"","overlay-type":"","overlay-color":"","overlay-gradient":""},"tablet":{"background-color":"","background-image":"","background-repeat":"repeat","background-position":"center center","background-size":"auto","background-attachment":"scroll","background-type":"","background-media":"","overlay-type":"","overlay-color":"","overlay-gradient":""},"mobile":{"background-color":"","background-image":"","background-repeat":"repeat","background-position":"center center","background-size":"auto","background-attachment":"scroll","background-type":"","background-media":"","overlay-type":"","overlay-color":"","overlay-gradient":""}},"ast-content-background-meta":{"desktop":{"background-color":"var(--ast-global-color-5)","background-image":"","background-repeat":"repeat","background-position":"center center","background-size":"auto","background-attachment":"scroll","background-type":"","background-media":"","overlay-type":"","overlay-color":"","overlay-gradient":""},"tablet":{"background-color":"var(--ast-global-color-5)","background-image":"","background-repeat":"repeat","background-position":"center center","background-size":"auto","background-attachment":"scroll","background-type":"","background-media":"","overlay-type":"","overlay-color":"","overlay-gradient":""},"mobile":{"background-color":"var(--ast-global-color-5)","background-image":"","background-repeat":"repeat","background-position":"center center","background-size":"auto","background-attachment":"scroll","background-type":"","background-media":"","overlay-type":"","overlay-color":"","overlay-gradient":""}},"pgc_sgb_lightbox_settings":"","footnotes":""},"class_list":["post-1782","page","type-page","status-publish","hentry"],"_links":{"self":[{"href":"https:\/\/soleylingo.sk\/hu\/wp-json\/wp\/v2\/pages\/1782","targetHints":{"allow":["GET"]}}],"collection":[{"href":"https:\/\/soleylingo.sk\/hu\/wp-json\/wp\/v2\/pages"}],"about":[{"href":"https:\/\/soleylingo.sk\/hu\/wp-json\/wp\/v2\/types\/page"}],"author":[{"embeddable":true,"href":"https:\/\/soleylingo.sk\/hu\/wp-json\/wp\/v2\/users\/1"}],"replies":[{"embeddable":true,"href":"https:\/\/soleylingo.sk\/hu\/wp-json\/wp\/v2\/comments?post=1782"}],"version-history":[{"count":7,"href":"https:\/\/soleylingo.sk\/hu\/wp-json\/wp\/v2\/pages\/1782\/revisions"}],"predecessor-version":[{"id":1848,"href":"https:\/\/soleylingo.sk\/hu\/wp-json\/wp\/v2\/pages\/1782\/revisions\/1848"}],"wp:attachment":[{"href":"https:\/\/soleylingo.sk\/hu\/wp-json\/wp\/v2\/media?parent=1782"}],"curies":[{"name":"wp","href":"https:\/\/api.w.org\/{rel}","templated":true}]}}