{"id":1583,"date":"2024-02-26T08:20:23","date_gmt":"2024-02-26T07:20:23","guid":{"rendered":"https:\/\/new.soleylingo.sk\/?page_id=1583"},"modified":"2025-09-30T11:29:37","modified_gmt":"2025-09-30T09:29:37","slug":"soley-kniznica","status":"publish","type":"page","link":"https:\/\/soleylingo.sk\/hu\/soley-kniznica\/","title":{"rendered":"S\u00f3ley-k\u00f6nyvt\u00e1r"},"content":{"rendered":"<div data-elementor-type=\"wp-page\" data-elementor-id=\"1583\" class=\"elementor elementor-1583\">\n\t\t\t\t<div class=\"elementor-element elementor-element-703982d e-flex e-con-boxed e-con e-parent\" data-id=\"703982d\" data-element_type=\"container\" data-settings=\"{&quot;background_background&quot;:&quot;classic&quot;,&quot;content_width&quot;:&quot;boxed&quot;}\" data-core-v316-plus=\"true\">\n\t\t\t\t\t<div class=\"e-con-inner\">\n\t\t<div class=\"elementor-element elementor-element-622cd47 e-con-full e-flex e-con e-child\" data-id=\"622cd47\" data-element_type=\"container\" data-settings=\"{&quot;content_width&quot;:&quot;full&quot;}\">\n\t\t\t\t<div class=\"elementor-element elementor-element-9e443d1 elementor-invisible elementor-widget elementor-widget-heading\" data-id=\"9e443d1\" data-element_type=\"widget\" data-settings=\"{&quot;_animation&quot;:&quot;slideInDown&quot;}\" data-widget_type=\"heading.default\">\n\t\t\t\t<div class=\"elementor-widget-container\">\n\t\t\t<style>\/*! elementor - v3.19.0 - 28-02-2024 *\/\n.elementor-heading-title{padding:0;margin:0;line-height:1}.elementor-widget-heading .elementor-heading-title[class*=elementor-size-]>a{color:inherit;font-size:inherit;line-height:inherit}.elementor-widget-heading .elementor-heading-title.elementor-size-small{font-size:15px}.elementor-widget-heading .elementor-heading-title.elementor-size-medium{font-size:19px}.elementor-widget-heading .elementor-heading-title.elementor-size-large{font-size:29px}.elementor-widget-heading .elementor-heading-title.elementor-size-xl{font-size:39px}.elementor-widget-heading .elementor-heading-title.elementor-size-xxl{font-size:59px}<\/style><h1 class=\"elementor-heading-title elementor-size-default\">SOLEY-LIBRARY<\/h1>\t\t<\/div>\n\t\t\t\t<\/div>\n\t\t\t\t<div class=\"elementor-element elementor-element-86ae6cf elementor-invisible elementor-widget elementor-widget-text-editor\" data-id=\"86ae6cf\" data-element_type=\"widget\" data-settings=\"{&quot;_animation&quot;:&quot;fadeInUp&quot;}\" data-widget_type=\"text-editor.default\">\n\t\t\t\t<div class=\"elementor-widget-container\">\n\t\t\t<style>\/*! elementor - v3.19.0 - 28-02-2024 *\/\n.elementor-widget-text-editor.elementor-drop-cap-view-stacked .elementor-drop-cap{background-color:#69727d;color:#fff}.elementor-widget-text-editor.elementor-drop-cap-view-framed .elementor-drop-cap{color:#69727d;border:3px solid;background-color:transparent}.elementor-widget-text-editor:not(.elementor-drop-cap-view-default) .elementor-drop-cap{margin-top:8px}.elementor-widget-text-editor:not(.elementor-drop-cap-view-default) .elementor-drop-cap-letter{width:1em;height:1em}.elementor-widget-text-editor .elementor-drop-cap{float:left;text-align:center;line-height:1;font-size:50px}.elementor-widget-text-editor .elementor-drop-cap-letter{display:inline-block}<\/style>\t\t\t\t<p>Kis h\u00e1z, sok t\u00f6rt\u00e9net<\/p>\t\t\t\t\t\t<\/div>\n\t\t\t\t<\/div>\n\t\t\t\t<\/div>\n\t\t\t\t\t<\/div>\n\t\t\t\t<\/div>\n\t\t<div class=\"elementor-element elementor-element-074d752 e-flex e-con-boxed e-con e-parent\" data-id=\"074d752\" data-element_type=\"container\" data-settings=\"{&quot;content_width&quot;:&quot;boxed&quot;}\" data-core-v316-plus=\"true\">\n\t\t\t\t\t<div class=\"e-con-inner\">\n\t\t<div class=\"elementor-element elementor-element-5606f8c e-con-full e-flex e-con e-child\" data-id=\"5606f8c\" data-element_type=\"container\" data-settings=\"{&quot;content_width&quot;:&quot;full&quot;}\">\n\t\t\t\t<div class=\"elementor-element elementor-element-92d32e9 elementor-widget elementor-widget-image\" data-id=\"92d32e9\" data-element_type=\"widget\" data-widget_type=\"image.default\">\n\t\t\t\t<div class=\"elementor-widget-container\">\n\t\t\t<style>\/*! elementor - v3.19.0 - 28-02-2024 *\/\n.elementor-widget-image{text-align:center}.elementor-widget-image a{display:inline-block}.elementor-widget-image a img[src$=\".svg\"]{width:48px}.elementor-widget-image img{vertical-align:middle;display:inline-block}<\/style>\t\t\t\t\t\t\t\t\t\t<img fetchpriority=\"high\" decoding=\"async\" width=\"768\" height=\"1024\" src=\"https:\/\/soleylingo.sk\/wp-content\/uploads\/2025\/09\/IMG_3965-768x1024.jpg\" class=\"attachment-large size-large wp-image-4041\" alt=\"\" srcset=\"https:\/\/soleylingo.sk\/wp-content\/uploads\/2025\/09\/IMG_3965-768x1024.jpg 768w, https:\/\/soleylingo.sk\/wp-content\/uploads\/2025\/09\/IMG_3965-225x300.jpg 225w, https:\/\/soleylingo.sk\/wp-content\/uploads\/2025\/09\/IMG_3965-1152x1536.jpg 1152w, https:\/\/soleylingo.sk\/wp-content\/uploads\/2025\/09\/IMG_3965-1536x2048.jpg 1536w, https:\/\/soleylingo.sk\/wp-content\/uploads\/2025\/09\/IMG_3965-9x12.jpg 9w, https:\/\/soleylingo.sk\/wp-content\/uploads\/2025\/09\/IMG_3965-600x800.jpg 600w, https:\/\/soleylingo.sk\/wp-content\/uploads\/2025\/09\/IMG_3965-scaled.jpg 1920w\" sizes=\"(max-width: 768px) 100vw, 768px\" \/>\t\t\t\t\t\t\t\t\t\t\t\t\t<\/div>\n\t\t\t\t<\/div>\n\t\t\t\t<div class=\"elementor-element elementor-element-f286091 elementor-widget elementor-widget-image\" data-id=\"f286091\" data-element_type=\"widget\" data-widget_type=\"image.default\">\n\t\t\t\t<div class=\"elementor-widget-container\">\n\t\t\t\t\t\t\t\t\t\t\t\t\t<img decoding=\"async\" width=\"1024\" height=\"725\" src=\"https:\/\/soleylingo.sk\/wp-content\/uploads\/2025\/09\/IMG_3935-1024x725.jpg\" class=\"attachment-large size-large wp-image-3988\" alt=\"\" srcset=\"https:\/\/soleylingo.sk\/wp-content\/uploads\/2025\/09\/IMG_3935-1024x725.jpg 1024w, https:\/\/soleylingo.sk\/wp-content\/uploads\/2025\/09\/IMG_3935-300x212.jpg 300w, https:\/\/soleylingo.sk\/wp-content\/uploads\/2025\/09\/IMG_3935-768x544.jpg 768w, https:\/\/soleylingo.sk\/wp-content\/uploads\/2025\/09\/IMG_3935-18x12.jpg 18w, https:\/\/soleylingo.sk\/wp-content\/uploads\/2025\/09\/IMG_3935-600x425.jpg 600w, https:\/\/soleylingo.sk\/wp-content\/uploads\/2025\/09\/IMG_3935.jpg 1458w\" sizes=\"(max-width: 1024px) 100vw, 1024px\" \/>\t\t\t\t\t\t\t\t\t\t\t\t\t<\/div>\n\t\t\t\t<\/div>\n\t\t<div class=\"elementor-element elementor-element-6081f7f e-flex e-con-boxed e-con e-child\" data-id=\"6081f7f\" data-element_type=\"container\" data-settings=\"{&quot;content_width&quot;:&quot;boxed&quot;}\">\n\t\t\t\t\t<div class=\"e-con-inner\">\n\t\t\t\t<div class=\"elementor-element elementor-element-d552fdc elementor-widget elementor-widget-text-editor\" data-id=\"d552fdc\" data-element_type=\"widget\" data-widget_type=\"text-editor.default\">\n\t\t\t\t<div class=\"elementor-widget-container\">\n\t\t\t\t\t\t\t\t\t\t\t\t\t<\/div>\n\t\t\t\t<\/div>\n\t\t\t\t<div class=\"elementor-element elementor-element-3faece9 elementor-widget elementor-widget-text-editor\" data-id=\"3faece9\" data-element_type=\"widget\" data-widget_type=\"text-editor.default\">\n\t\t\t\t<div class=\"elementor-widget-container\">\n\t\t\t\t\t\t\t\t\t\t\t\t\t<\/div>\n\t\t\t\t<\/div>\n\t\t\t\t\t<\/div>\n\t\t\t\t<\/div>\n\t\t\t\t<\/div>\n\t\t<div class=\"elementor-element elementor-element-e8068b7 e-con-full e-flex e-con e-child\" data-id=\"e8068b7\" data-element_type=\"container\" data-settings=\"{&quot;content_width&quot;:&quot;full&quot;}\">\n\t\t\t\t<div class=\"elementor-element elementor-element-7bf6360 elementor-widget elementor-widget-heading\" data-id=\"7bf6360\" data-element_type=\"widget\" data-widget_type=\"heading.default\">\n\t\t\t\t<div class=\"elementor-widget-container\">\n\t\t\t<h3 class=\"elementor-heading-title elementor-size-default\">Mi az a S\u00f3ley-k\u00f6nyvt\u00e1r \u00e9s hogyan m\u0171k\u00f6dik?<\/h3>\t\t<\/div>\n\t\t\t\t<\/div>\n\t\t\t\t<div class=\"elementor-element elementor-element-9f5449a elementor-widget elementor-widget-text-editor\" data-id=\"9f5449a\" data-element_type=\"widget\" data-widget_type=\"text-editor.default\">\n\t\t\t\t<div class=\"elementor-widget-container\">\n\t\t\t\t\t\t\t<p style=\"font-style: normal; letter-spacing: normal; font-family: georgia, serif; color: #000000; text-align: left;\">A Solo-Library a haszn\u00e1lt k\u00f6nyvek cser\u00e9j\u00e9re vagy adom\u00e1nyoz\u00e1s\u00e1ra szolg\u00e1l\u00f3 ter\u00fclet. Mindenki sz\u00e1m\u00e1ra nyitva \u00e1ll - azok sz\u00e1m\u00e1ra, akik tov\u00e1bb szeretn\u00e9k vinni a k\u00f6nyveiket, \u00e9s azok sz\u00e1m\u00e1ra, akik \u00faj olvasm\u00e1nyokat szeretn\u00e9nek tal\u00e1lni. Behozhatsz olyan k\u00f6nyveket, amelyekre m\u00e1r nincs sz\u00fcks\u00e9ged, \u00e9s elvihetsz \u00faj olvasm\u00e1nyokat, amelyeket valaki m\u00e1s hagyott h\u00e1tra. D\u00edj, regisztr\u00e1ci\u00f3 vagy egy\u00e9b formas\u00e1gok n\u00e9lk\u00fcl m\u0171k\u00f6dik. <span style=\"text-align: var(--text-align);\">Egyszer\u0171 elj\u00e1r\u00e1s:<\/span><\/p><ul style=\"font-style: normal; letter-spacing: normal; font-family: georgia, serif; color: #000000; text-align: left;\"><li style=\"margin-left: 15px;\"><p>hozza el az adom\u00e1nyozni k\u00edv\u00e1nt k\u00f6nyveket,<\/p><\/li><li style=\"margin-left: 15px;\"><p>a k\u00f6nyvt\u00e1rban hagyja \u0151ket,<\/p><\/li><li style=\"margin-left: 15px;\"><p>olyanokat v\u00e1lasztasz, amelyek \u00e9rdekelnek t\u00e9ged.<\/p><\/li><\/ul><p style=\"font-style: normal; letter-spacing: normal; font-family: georgia, serif; color: #000000; text-align: left;\">Alapszab\u00e1lyok:<\/p><p style=\"font-style: normal; letter-spacing: normal; font-family: georgia, serif; color: #000000; text-align: left;\">K\u00e9rem,\u00a0<\/p><ul style=\"font-style: normal; letter-spacing: normal; font-family: georgia, serif; color: #000000; text-align: left;\"><li style=\"margin-left: 15px;\"><p>Csak tiszta \u00e9s j\u00f3 \u00e1llapotban l\u00e9v\u0151 k\u00f6nyveket vigyen mag\u00e1val,<\/p><\/li><li style=\"margin-left: 15px;\"><p>pr\u00f3b\u00e1lj meg annyit hozni, amennyit elviszel,<\/p><\/li><li style=\"margin-left: 15px;\"><p>Gondolja, hogy a k\u00f6nyvt\u00e1r mindenkit kiszolg\u00e1l.<\/p><\/li><\/ul><p style=\"font-style: normal; letter-spacing: normal; font-family: georgia, serif; color: #000000; text-align: left;\">A Soley-k\u00f6nyvt\u00e1r t\u00f6bb mint egy k\u00f6nyvespolc - ez egy k\u00f6z\u00f6s hely, amely mindannyiunk miatt \u00e9l. Minden k\u00f6nyv, amit behozol, boldogg\u00e1 tehet valaki m\u00e1st, \u00e9s minden k\u00f6nyv, amit magaddal viszel, gazdag\u00edthat t\u00e9ged. \u00cdgy dolgozunk egy\u00fctt az\u00e9rt, hogy egy olyan helyet hozzunk l\u00e9tre, amely mindig \u00e9l, \u00e9s az olvas\u00e1s \u00f6r\u00f6m\u00e9t hozza el mindenkinek, aki idej\u00f6n.<\/p><h4>\u00a0<\/h4><h4 style=\"font-style: normal; letter-spacing: normal; font-family: georgia, serif; color: #000000; text-align: center;\"><strong>KELLEMES OLVAS\u00c1ST K\u00cdV\u00c1NUNK!<\/strong><\/h4>\t\t\t\t\t\t<\/div>\n\t\t\t\t<\/div>\n\t\t\t\t<\/div>\n\t\t\t\t\t<\/div>\n\t\t\t\t<\/div>\n\t\t<div class=\"elementor-element elementor-element-369f67a e-flex e-con-boxed e-con e-parent\" data-id=\"369f67a\" data-element_type=\"container\" data-settings=\"{&quot;content_width&quot;:&quot;boxed&quot;}\" data-core-v316-plus=\"true\">\n\t\t\t\t\t<div class=\"e-con-inner\">\n\t\t\t\t<div class=\"elementor-element elementor-element-6e2a369 elementor-widget elementor-widget-text-editor\" data-id=\"6e2a369\" data-element_type=\"widget\" data-widget_type=\"text-editor.default\">\n\t\t\t\t<div class=\"elementor-widget-container\">\n\t\t\t\t\t\t\t\t\t\t\t\t\t<\/div>\n\t\t\t\t<\/div>\n\t\t\t\t\t<\/div>\n\t\t\t\t<\/div>\n\t\t\t\t<\/div>","protected":false},"excerpt":{"rendered":"<p>S\u00d3LEY-KNI\u017dNICA Mal\u00fd dom\u010dek, ve\u013ea pr\u00edbehov \u010co je S\u00f3ley-kni\u017enica a ako funguje? S\u00f3ley-kn\u00ed\u017enica je priestor na v\u00fdmenu alebo darovanie pou\u017eit\u00fdch kn\u00edh. Je otvoren\u00e1 pre ka\u017ed\u00e9ho \u2013 pre t\u00fdch, ktor\u00ed chc\u00fa posun\u00fa\u0165 svoje knihy \u010falej, aj pre t\u00fdch, ktor\u00ed si radi n\u00e1jdu nov\u00e9 \u010d\u00edtanie. M\u00f4\u017eete sem prinies\u0165 knihy, ktor\u00e9 u\u017e nepotrebujete a odnies\u0165 si nov\u00e9 \u010d\u00edtanie, ktor\u00e9 [&hellip;]<\/p>","protected":false},"author":1,"featured_media":0,"parent":0,"menu_order":0,"comment_status":"closed","ping_status":"closed","template":"","meta":{"_seopress_robots_primary_cat":"","_seopress_titles_title":"","_seopress_titles_desc":"","_seopress_robots_index":"","site-sidebar-layout":"no-sidebar","site-content-layout":"page-builder","ast-site-content-layout":"full-width-container","site-content-style":"unboxed","site-sidebar-style":"unboxed","ast-global-header-display":"","ast-banner-title-visibility":"","ast-main-header-display":"","ast-hfb-above-header-display":"","ast-hfb-below-header-display":"","ast-hfb-mobile-header-display":"","site-post-title":"disabled","ast-breadcrumbs-content":"","ast-featured-img":"disabled","footer-sml-layout":"","theme-transparent-header-meta":"enabled","adv-header-id-meta":"","stick-header-meta":"","header-above-stick-meta":"","header-main-stick-meta":"","header-below-stick-meta":"","astra-migrate-meta-layouts":"set","ast-page-background-enabled":"default","ast-page-background-meta":{"desktop":{"background-color":"","background-image":"","background-repeat":"repeat","background-position":"center center","background-size":"auto","background-attachment":"scroll","background-type":"","background-media":"","overlay-type":"","overlay-color":"","overlay-gradient":""},"tablet":{"background-color":"","background-image":"","background-repeat":"repeat","background-position":"center center","background-size":"auto","background-attachment":"scroll","background-type":"","background-media":"","overlay-type":"","overlay-color":"","overlay-gradient":""},"mobile":{"background-color":"","background-image":"","background-repeat":"repeat","background-position":"center center","background-size":"auto","background-attachment":"scroll","background-type":"","background-media":"","overlay-type":"","overlay-color":"","overlay-gradient":""}},"ast-content-background-meta":{"desktop":{"background-color":"var(--ast-global-color-5)","background-image":"","background-repeat":"repeat","background-position":"center center","background-size":"auto","background-attachment":"scroll","background-type":"","background-media":"","overlay-type":"","overlay-color":"","overlay-gradient":""},"tablet":{"background-color":"var(--ast-global-color-5)","background-image":"","background-repeat":"repeat","background-position":"center center","background-size":"auto","background-attachment":"scroll","background-type":"","background-media":"","overlay-type":"","overlay-color":"","overlay-gradient":""},"mobile":{"background-color":"var(--ast-global-color-5)","background-image":"","background-repeat":"repeat","background-position":"center center","background-size":"auto","background-attachment":"scroll","background-type":"","background-media":"","overlay-type":"","overlay-color":"","overlay-gradient":""}},"pgc_sgb_lightbox_settings":"","footnotes":""},"class_list":["post-1583","page","type-page","status-publish","hentry"],"_links":{"self":[{"href":"https:\/\/soleylingo.sk\/hu\/wp-json\/wp\/v2\/pages\/1583","targetHints":{"allow":["GET"]}}],"collection":[{"href":"https:\/\/soleylingo.sk\/hu\/wp-json\/wp\/v2\/pages"}],"about":[{"href":"https:\/\/soleylingo.sk\/hu\/wp-json\/wp\/v2\/types\/page"}],"author":[{"embeddable":true,"href":"https:\/\/soleylingo.sk\/hu\/wp-json\/wp\/v2\/users\/1"}],"replies":[{"embeddable":true,"href":"https:\/\/soleylingo.sk\/hu\/wp-json\/wp\/v2\/comments?post=1583"}],"version-history":[{"count":91,"href":"https:\/\/soleylingo.sk\/hu\/wp-json\/wp\/v2\/pages\/1583\/revisions"}],"predecessor-version":[{"id":4045,"href":"https:\/\/soleylingo.sk\/hu\/wp-json\/wp\/v2\/pages\/1583\/revisions\/4045"}],"wp:attachment":[{"href":"https:\/\/soleylingo.sk\/hu\/wp-json\/wp\/v2\/media?parent=1583"}],"curies":[{"name":"wp","href":"https:\/\/api.w.org\/{rel}","templated":true}]}}